{"id":324,"date":"2020-07-22T18:22:24","date_gmt":"2020-07-22T16:22:24","guid":{"rendered":"https:\/\/blazcegnar.com\/zeo\/?page_id=324"},"modified":"2021-08-28T09:42:46","modified_gmt":"2021-08-28T07:42:46","slug":"glede-nosenja-mask","status":"publish","type":"page","link":"https:\/\/blazcegnar.com\/zeo\/glede-nosenja-mask\/","title":{"rendered":"Glede ukrepov COVID"},"content":{"rendered":"\n<p>No\u0161enje mask, testiranje in cepljenje je prostovoljno. Pred virusi in vsemi drugimi boleznimi se naju\u010dinkoviteje za\u0161\u010ditimo z zdravim razumom in zdravo prehrano. <\/p>\n\n\n\n<p>V kolikor vas kdo sili v no\u0161enje maske, testiranje ali cepljenje oz. vam grozi s sankcijami, \u010de tega ne storite, od njega najprej zahtevajte identifikacijske podatke. Te vpi\u0161ite v spodaj pripravljen dokument (prenesete ga s klikom na gumb &#8220;download&#8221;) in ga nato z njim seznanite ter zahtevajte podpis v potrditev seznanitve z dokumentom. V kolikor je mogo\u010de to tudi posnemite ali fotografirajte. \u010ce vam kdo dokument dejansko podpi\u0161e, ga shranite in seveda v skladu z va\u0161o svobodno vestjo vseeno zavrnite no\u0161enje maske, testiranje ali cepljenje. Ko nekdo ne \u017eeli podpisati dokumenta, tudi to dokumentirajte tako, da na dokument poleg njegovih identifikacijskih podatkov vpi\u0161ete tudi kraj in datum njegove seznanitve z dokumentom. Tako boste s pomo\u010djo tega dokumenta soodgovorno pou\u010dili soljudi o zlo\u010dinih, ki jih izvajajo, in la\u017eje dokazali kr\u0161enje va\u0161ih mednarodno priznanih temeljnih \u010dlovekovih pravic, kot tudi naravnih mo\u010di in svobo\u0161\u010din. V kolikor se bojite za svojo slu\u017ebo, lahko dokument anonimno po\u0161ljete svojemu delodajalcu v vednost po po\u0161ti tako, da shranite potrdilo o oddaji po\u0161iljke.<\/p>\n\n\n\n<p>Temeljne \u010dlovekove pravice nam niso dane, moramo si jih sami zagotavljati.<\/p>\n\n\n\n<div data-wp-interactive=\"core\/file\" class=\"wp-block-file\"><object data-wp-bind--hidden=\"!state.hasPdfPreview\" hidden class=\"wp-block-file__embed\" data=\"https:\/\/blazcegnar.com\/zeo\/wp-content\/uploads\/Obvestilo-o-zavrnitvi-mask-testiranja-cepljenja-2-1.pdf\" type=\"application\/pdf\" style=\"width:100%;height:600px\" aria-label=\"Vdelava Vdelava Obvestilo-o-zavrnitvi-mask-testiranja-cepljenja-2\"><\/object><a href=\"https:\/\/blazcegnar.com\/zeo\/wp-content\/uploads\/Obvestilo-o-zavrnitvi-mask-testiranja-cepljenja-2-1.pdf\">Obvestilo-o-zavrnitvi-mask-testiranja-cepljenja-2<\/a><a href=\"https:\/\/blazcegnar.com\/zeo\/wp-content\/uploads\/Obvestilo-o-zavrnitvi-mask-testiranja-cepljenja-2-1.pdf\" class=\"wp-block-file__button\" download>Download<\/a><\/div>\n\n\n\n<figure class=\"wp-block-image size-large\"><img loading=\"lazy\" decoding=\"async\" width=\"516\" height=\"737\" src=\"https:\/\/blazcegnar.com\/zeo\/wp-content\/uploads\/Glede-no\u0161enja-mask.png\" alt=\"\" class=\"wp-image-330\" srcset=\"https:\/\/blazcegnar.com\/zeo\/wp-content\/uploads\/Glede-no\u0161enja-mask.png 516w, https:\/\/blazcegnar.com\/zeo\/wp-content\/uploads\/Glede-no\u0161enja-mask-210x300.png 210w\" sizes=\"auto, (max-width: 516px) 100vw, 516px\" \/><\/figure>\n","protected":false},"excerpt":{"rendered":"<p>No\u0161enje mask, testiranje in cepljenje je prostovoljno. Pred virusi in vsemi drugimi boleznimi se naju\u010dinkoviteje za\u0161\u010ditimo z zdravim razumom in zdravo prehrano. V kolikor vas kdo sili v no\u0161enje maske, testiranje ali cepljenje oz. vam grozi s sankcijami, \u010de tega ne storite, od njega najprej zahtevajte identifikacijske podatke. Te vpi\u0161ite v spodaj pripravljen dokument (prenesete &hellip; <a href=\"https:\/\/blazcegnar.com\/zeo\/glede-nosenja-mask\/\" class=\"more-link\">Preberi ve\u010d o <span class=\"screen-reader-text\">Glede ukrepov COVID<\/span><\/a><\/p>\n","protected":false},"author":2,"featured_media":0,"parent":0,"menu_order":0,"comment_status":"closed","ping_status":"closed","template":"","meta":{"footnotes":""},"class_list":["post-324","page","type-page","status-publish","hentry"],"_links":{"self":[{"href":"https:\/\/blazcegnar.com\/zeo\/wp-json\/wp\/v2\/pages\/324","targetHints":{"allow":["GET"]}}],"collection":[{"href":"https:\/\/blazcegnar.com\/zeo\/wp-json\/wp\/v2\/pages"}],"about":[{"href":"https:\/\/blazcegnar.com\/zeo\/wp-json\/wp\/v2\/types\/page"}],"author":[{"embeddable":true,"href":"https:\/\/blazcegnar.com\/zeo\/wp-json\/wp\/v2\/users\/2"}],"replies":[{"embeddable":true,"href":"https:\/\/blazcegnar.com\/zeo\/wp-json\/wp\/v2\/comments?post=324"}],"version-history":[{"count":17,"href":"https:\/\/blazcegnar.com\/zeo\/wp-json\/wp\/v2\/pages\/324\/revisions"}],"predecessor-version":[{"id":462,"href":"https:\/\/blazcegnar.com\/zeo\/wp-json\/wp\/v2\/pages\/324\/revisions\/462"}],"wp:attachment":[{"href":"https:\/\/blazcegnar.com\/zeo\/wp-json\/wp\/v2\/media?parent=324"}],"curies":[{"name":"wp","href":"https:\/\/api.w.org\/{rel}","templated":true}]}}