{"id":307,"date":"2020-06-29T19:00:29","date_gmt":"2020-06-29T17:00:29","guid":{"rendered":"https:\/\/blazcegnar.com\/zeo\/?page_id=307"},"modified":"2021-06-09T15:11:50","modified_gmt":"2021-06-09T13:11:50","slug":"siritev-samozavedanja","status":"publish","type":"page","link":"https:\/\/blazcegnar.com\/zeo\/siritev-samozavedanja\/","title":{"rendered":"\u0160iritev samozavedanja"},"content":{"rendered":"\n<p>\u010clovekovo vedenje in samo-usmerjanje je pogojeno in podrejeno razumevanju lastnega ega ali miselno-\u010dustvenega sistema. Dokler ne razumemo, kako deluje na\u0161 um in kako ga u\u010dinkovito uporabljati in usmerjati, smo njegov podlo\u017enik, s \u010dimer sebi in drugim povzro\u010damo bole\u010dine. Zato je bistveno, da neprestano \u0161irimo svoje zavedanje o sebi, da se lahko uskladimo z \u017eivo-silo in tem, kar je najbolj\u0161e za vso \u017eivljenje, ker je le to najbolj\u0161e tudi za nas. V ta namen tukaj delimo prispevke posameznikov, ki z lastnim zgledom delijo spoznanja, koristna za \u0161irjenje samozavedanja.<\/p>\n\n\n\n<ul class=\"wp-block-list\"><li><a href=\"https:\/\/blazcegnar.blogspot.com\/\">Bla\u017e Cegnar &#8211; Pot do \u017eivljenja<\/a><\/li><li><a href=\"https:\/\/blazprocess.blogspot.com\/\">Bla\u017e Cegnar &#8211; Journey to Life<\/a><\/li><li><a href=\"https:\/\/duskamaglica.blogspot.com\/\">Du\u0161ka Maglica &#8211; Bitje za enost &amp; enakovrednost<\/a><\/li><li><a href=\"https:\/\/selfcorrector.blogspot.com\/\">Du\u0161ka Maglica &#8211; Selfcorrector<\/a><\/li><li><a href=\"https:\/\/valentinrozmansl.blogspot.com\/\">Valentin Rozman &#8211; Osebni blog za samoizpopolnjevanje ter izbolj\u0161evanje sveta<\/a><\/li><li><a href=\"https:\/\/valentinrozman.blogspot.com\/\">Valentin Rozman (angle\u0161ki dnevnik)<\/a><\/li><li><a href=\"http:\/\/creationsjourneytolife.blogspot.com\/p\/timeline.html\">Creatin&#8217;s Journey to Life<\/a><\/li><li><a href=\"http:\/\/heavensjourneytolife.blogspot.com\/p\/timeline.html\">Heaven&#8217;s Jounrey to Life<\/a><\/li><\/ul>\n\n\n\n<p><\/p>\n","protected":false},"excerpt":{"rendered":"<p>\u010clovekovo vedenje in samo-usmerjanje je pogojeno in podrejeno razumevanju lastnega ega ali miselno-\u010dustvenega sistema. Dokler ne razumemo, kako deluje na\u0161 um in kako ga u\u010dinkovito uporabljati in usmerjati, smo njegov podlo\u017enik, s \u010dimer sebi in drugim povzro\u010damo bole\u010dine. Zato je bistveno, da neprestano \u0161irimo svoje zavedanje o sebi, da se lahko uskladimo z \u017eivo-silo in &hellip; <a href=\"https:\/\/blazcegnar.com\/zeo\/siritev-samozavedanja\/\" class=\"more-link\">Preberi ve\u010d o <span class=\"screen-reader-text\">\u0160iritev samozavedanja<\/span><\/a><\/p>\n","protected":false},"author":2,"featured_media":0,"parent":0,"menu_order":0,"comment_status":"closed","ping_status":"closed","template":"","meta":{"footnotes":""},"class_list":["post-307","page","type-page","status-publish","hentry"],"_links":{"self":[{"href":"https:\/\/blazcegnar.com\/zeo\/wp-json\/wp\/v2\/pages\/307","targetHints":{"allow":["GET"]}}],"collection":[{"href":"https:\/\/blazcegnar.com\/zeo\/wp-json\/wp\/v2\/pages"}],"about":[{"href":"https:\/\/blazcegnar.com\/zeo\/wp-json\/wp\/v2\/types\/page"}],"author":[{"embeddable":true,"href":"https:\/\/blazcegnar.com\/zeo\/wp-json\/wp\/v2\/users\/2"}],"replies":[{"embeddable":true,"href":"https:\/\/blazcegnar.com\/zeo\/wp-json\/wp\/v2\/comments?post=307"}],"version-history":[{"count":3,"href":"https:\/\/blazcegnar.com\/zeo\/wp-json\/wp\/v2\/pages\/307\/revisions"}],"predecessor-version":[{"id":448,"href":"https:\/\/blazcegnar.com\/zeo\/wp-json\/wp\/v2\/pages\/307\/revisions\/448"}],"wp:attachment":[{"href":"https:\/\/blazcegnar.com\/zeo\/wp-json\/wp\/v2\/media?parent=307"}],"curies":[{"name":"wp","href":"https:\/\/api.w.org\/{rel}","templated":true}]}}