{"id":291,"date":"2020-06-21T17:17:02","date_gmt":"2020-06-21T15:17:02","guid":{"rendered":"https:\/\/blazcegnar.com\/zeo\/?page_id=291"},"modified":"2021-04-30T22:10:55","modified_gmt":"2021-04-30T20:10:55","slug":"moc-samoodpuscanja","status":"publish","type":"page","link":"https:\/\/blazcegnar.com\/zeo\/moc-samoodpuscanja\/","title":{"rendered":"Mo\u010d samoodpu\u0161\u010danja"},"content":{"rendered":"\n<p>Ve\u010dino te\u017eav ljudi in \u010dlove\u0161ke dru\u017ebe izvira iz posameznikovega nerazumevanja lastnega uma ali natan\u010dneje: miselno-\u010dustvenega sistema. Skozi odra\u0161\u010danje si ljudje ustvarimo ego, s katerim se po nepotrebnem poosebljamo, se mu podrejamo in s katerim si umetno omejujemo lastne \u017eivljenjske potenciale. Zato na podlagi lastnih izku\u0161enj spodbujamo vse, da skupaj ozavestimo, kako pravilno in naju\u010dinkoviteje uporabljati \u010dlove\u0161ki um z najbolj u\u010dinkovitimi orodij za lastno opolnomo\u010denje, med katere spada predvsem samoodkrito samoodpu\u0161\u010danje. Ve\u010d si lahko preberete v knjigi Mo\u010d samoodpu\u0161\u010danja: Izhod skozi matrico uma. Za tiste z osnovnim znanjem angle\u0161\u010dine pa priporo\u010damo tudi brezpla\u010dni spletni te\u010daj <a rel=\"noreferrer noopener\" href=\"https:\/\/lite.desteniiprocess.com\/\" target=\"_blank\">Desteni&#8217;I&#8217;Process Lite<\/a>.<\/p>\n\n\n\n<figure class=\"wp-block-image size-large\"><a href=\"https:\/\/blazcegnar.com\/home\/narocilo-knjige-moc-samoodpuscanja-izhod-skozi-matrico-uma\/\"><img loading=\"lazy\" decoding=\"async\" width=\"717\" height=\"717\" src=\"https:\/\/blazcegnar.com\/zeo\/wp-content\/uploads\/Grafika-knjige-Mo\u010d-samoodpu\u0161\u010danja.jpg\" alt=\"Mo\u010d samoodpu\u0161\u010danja\" class=\"wp-image-286\" srcset=\"https:\/\/blazcegnar.com\/zeo\/wp-content\/uploads\/Grafika-knjige-Mo\u010d-samoodpu\u0161\u010danja.jpg 717w, https:\/\/blazcegnar.com\/zeo\/wp-content\/uploads\/Grafika-knjige-Mo\u010d-samoodpu\u0161\u010danja-300x300.jpg 300w, https:\/\/blazcegnar.com\/zeo\/wp-content\/uploads\/Grafika-knjige-Mo\u010d-samoodpu\u0161\u010danja-150x150.jpg 150w\" sizes=\"auto, (max-width: 717px) 100vw, 717px\" \/><\/a><\/figure>\n","protected":false},"excerpt":{"rendered":"<p>Ve\u010dino te\u017eav ljudi in \u010dlove\u0161ke dru\u017ebe izvira iz posameznikovega nerazumevanja lastnega uma ali natan\u010dneje: miselno-\u010dustvenega sistema. Skozi odra\u0161\u010danje si ljudje ustvarimo ego, s katerim se po nepotrebnem poosebljamo, se mu podrejamo in s katerim si umetno omejujemo lastne \u017eivljenjske potenciale. Zato na podlagi lastnih izku\u0161enj spodbujamo vse, da skupaj ozavestimo, kako pravilno in naju\u010dinkoviteje uporabljati &hellip; <a href=\"https:\/\/blazcegnar.com\/zeo\/moc-samoodpuscanja\/\" class=\"more-link\">Preberi ve\u010d o <span class=\"screen-reader-text\">Mo\u010d samoodpu\u0161\u010danja<\/span><\/a><\/p>\n","protected":false},"author":2,"featured_media":0,"parent":0,"menu_order":0,"comment_status":"closed","ping_status":"closed","template":"","meta":{"footnotes":""},"class_list":["post-291","page","type-page","status-publish","hentry"],"_links":{"self":[{"href":"https:\/\/blazcegnar.com\/zeo\/wp-json\/wp\/v2\/pages\/291","targetHints":{"allow":["GET"]}}],"collection":[{"href":"https:\/\/blazcegnar.com\/zeo\/wp-json\/wp\/v2\/pages"}],"about":[{"href":"https:\/\/blazcegnar.com\/zeo\/wp-json\/wp\/v2\/types\/page"}],"author":[{"embeddable":true,"href":"https:\/\/blazcegnar.com\/zeo\/wp-json\/wp\/v2\/users\/2"}],"replies":[{"embeddable":true,"href":"https:\/\/blazcegnar.com\/zeo\/wp-json\/wp\/v2\/comments?post=291"}],"version-history":[{"count":3,"href":"https:\/\/blazcegnar.com\/zeo\/wp-json\/wp\/v2\/pages\/291\/revisions"}],"predecessor-version":[{"id":418,"href":"https:\/\/blazcegnar.com\/zeo\/wp-json\/wp\/v2\/pages\/291\/revisions\/418"}],"wp:attachment":[{"href":"https:\/\/blazcegnar.com\/zeo\/wp-json\/wp\/v2\/media?parent=291"}],"curies":[{"name":"wp","href":"https:\/\/api.w.org\/{rel}","templated":true}]}}