{"id":278,"date":"2020-06-20T17:53:03","date_gmt":"2020-06-20T15:53:03","guid":{"rendered":"https:\/\/blazcegnar.com\/zeo\/?page_id=278"},"modified":"2020-06-21T10:46:38","modified_gmt":"2020-06-21T08:46:38","slug":"koristi-za-pridruzene-clane","status":"publish","type":"page","link":"https:\/\/blazcegnar.com\/zeo\/koristi-za-pridruzene-clane\/","title":{"rendered":"Koristi za pridru\u017eene \u010dlane"},"content":{"rendered":"\n<p>Pridru\u017eeni \u010dlani drug drugemu zagotavljamo prostovoljne posebne koristi in ugodnosti, med katere spadajo tudi tu navedene. Vabljeni, da se nam pridru\u017eite in zgledno prispevate svoja znanja, sposobnosti in danosti za korist vseh \u010dlanov in \u017eivljenja. S tem potenciramo koristne posledice sodelovanja za zagotovitev dostojnega \u017eivljenja vsem in prepre\u010ditev vseh zlorab in korupcij \u017eivljenja.<\/p>\n\n\n\n<hr class=\"wp-block-separator\"\/>\n\n\n\n<ul class=\"wp-block-list\"><li>Mo\u017enost osebnega mentorstva za hitrej\u0161e in poglobljeno razumevanje delovanja \u010dlove\u0161kega miselno-\u010dustvenega sistema in naju\u010dinkovitej\u0161ih orodij za osebno opolnomo\u010denje.<\/li><\/ul>\n\n\n\n<ul class=\"wp-block-list\"><li>Mo\u017enost uporabe naprednega u\u010dnega orodja za hitrej\u0161e, la\u017eje in u\u010dinkovitej\u0161e u\u010denje temeljnih gradnikov znanja in razumevanja ter posledi\u010dno hitrej\u0161e procesiranje informacij.<\/li><\/ul>\n\n\n\n<ul class=\"wp-block-list\"><li>Kurja jajca iz proste reje (ob\u010dina Celje in La\u0161ko).<\/li><\/ul>\n","protected":false},"excerpt":{"rendered":"<p>Pridru\u017eeni \u010dlani drug drugemu zagotavljamo prostovoljne posebne koristi in ugodnosti, med katere spadajo tudi tu navedene. Vabljeni, da se nam pridru\u017eite in zgledno prispevate svoja znanja, sposobnosti in danosti za korist vseh \u010dlanov in \u017eivljenja. S tem potenciramo koristne posledice sodelovanja za zagotovitev dostojnega \u017eivljenja vsem in prepre\u010ditev vseh zlorab in korupcij \u017eivljenja. Mo\u017enost osebnega &hellip; <a href=\"https:\/\/blazcegnar.com\/zeo\/koristi-za-pridruzene-clane\/\" class=\"more-link\">Preberi ve\u010d o <span class=\"screen-reader-text\">Koristi za pridru\u017eene \u010dlane<\/span><\/a><\/p>\n","protected":false},"author":2,"featured_media":0,"parent":0,"menu_order":0,"comment_status":"closed","ping_status":"closed","template":"","meta":{"footnotes":""},"class_list":["post-278","page","type-page","status-publish","hentry"],"_links":{"self":[{"href":"https:\/\/blazcegnar.com\/zeo\/wp-json\/wp\/v2\/pages\/278","targetHints":{"allow":["GET"]}}],"collection":[{"href":"https:\/\/blazcegnar.com\/zeo\/wp-json\/wp\/v2\/pages"}],"about":[{"href":"https:\/\/blazcegnar.com\/zeo\/wp-json\/wp\/v2\/types\/page"}],"author":[{"embeddable":true,"href":"https:\/\/blazcegnar.com\/zeo\/wp-json\/wp\/v2\/users\/2"}],"replies":[{"embeddable":true,"href":"https:\/\/blazcegnar.com\/zeo\/wp-json\/wp\/v2\/comments?post=278"}],"version-history":[{"count":4,"href":"https:\/\/blazcegnar.com\/zeo\/wp-json\/wp\/v2\/pages\/278\/revisions"}],"predecessor-version":[{"id":284,"href":"https:\/\/blazcegnar.com\/zeo\/wp-json\/wp\/v2\/pages\/278\/revisions\/284"}],"wp:attachment":[{"href":"https:\/\/blazcegnar.com\/zeo\/wp-json\/wp\/v2\/media?parent=278"}],"curies":[{"name":"wp","href":"https:\/\/api.w.org\/{rel}","templated":true}]}}