{"id":235,"date":"2020-06-17T21:32:33","date_gmt":"2020-06-17T19:32:33","guid":{"rendered":"https:\/\/blazcegnar.com\/zeo\/?page_id=235"},"modified":"2022-09-15T21:03:49","modified_gmt":"2022-09-15T19:03:49","slug":"sporazum-in-zaprisega-o-nameri-zdruzenih-zivih-sil","status":"publish","type":"page","link":"https:\/\/blazcegnar.com\/zeo\/sporazum-in-zaprisega-o-nameri-zdruzenih-zivih-sil\/","title":{"rendered":"Sporazum Zdru\u017eenih-\u017eivih-sil:"},"content":{"rendered":"\n<div data-wp-interactive=\"core\/file\" class=\"wp-block-file\"><object data-wp-bind--hidden=\"!state.hasPdfPreview\" hidden class=\"wp-block-file__embed\" data=\"https:\/\/blazcegnar.com\/zeo\/wp-content\/uploads\/Zdruzene-zive-sile-15092022.pdf\" type=\"application\/pdf\" style=\"width:100%;height:600px\" aria-label=\"Vdelava Vdelava Zdruzene-zive-sile-15092022\"><\/object><a id=\"wp-block-file--media-5e6abd49-8abf-4e18-9156-f7e22fcab492\" href=\"https:\/\/blazcegnar.com\/zeo\/wp-content\/uploads\/Zdruzene-zive-sile-15092022.pdf\">Zdruzene-zive-sile-15092022<\/a><a href=\"https:\/\/blazcegnar.com\/zeo\/wp-content\/uploads\/Zdruzene-zive-sile-15092022.pdf\" class=\"wp-block-file__button\" download aria-describedby=\"wp-block-file--media-5e6abd49-8abf-4e18-9156-f7e22fcab492\">Download<\/a><\/div>\n\n\n\n<p><\/p>\n\n\n\n<p>Pred izpolnjevanjem sporazuma preberi:<\/p>\n\n\n\n<p>Na poziv bodo\u010dega \u010dlana ali ob prejemu pridru\u017eitvenega sporazuma, vsakega novega \u010dlana povabimo na spro\u0161\u010den spoznavni sestanek.<\/p>\n\n\n\n<p><strong>Avtogram <\/strong>predstavlja \u010ditljivi zapis osebnega imena in priimka z malimi tiskanimi \u010drkami in veliko za\u010detnico (npr. Janez Novak). S tem sporo\u010damo, da smo \u017eivo-bitje in ne pravna fikcija. Z avtogramom prav tako sporo\u010damo, da razumemo pridru\u017eitveni sporazum in da se z zapisanim prostovoljno strinjamo.<\/p>\n\n\n\n<p><strong>Prstni-odtis<\/strong> predstavlja overitev avtograma s svojim edinstvenim pe\u010datom, s \u010dimer avtor sporo\u010da in dokazuje, da je avtogram njegov lasten.<\/p>\n\n\n\n<p>Kopijo originalnega sporazuma dostavite hranitelju elektronsko ali fizi\u010dno. Za ve\u010d informacij pi\u0161ite na e-po\u0161tni predal, naveden v glavi sporazumne listine, ki si jo lahko prenesete s klikom na zgornji gumb &#8220;Download&#8221;.<\/p>\n","protected":false},"excerpt":{"rendered":"<p>Pred izpolnjevanjem sporazuma preberi: Na poziv bodo\u010dega \u010dlana ali ob prejemu pridru\u017eitvenega sporazuma, vsakega novega \u010dlana povabimo na spro\u0161\u010den spoznavni sestanek. Avtogram predstavlja \u010ditljivi zapis osebnega imena in priimka z malimi tiskanimi \u010drkami in veliko za\u010detnico (npr. Janez Novak). S tem sporo\u010damo, da smo \u017eivo-bitje in ne pravna fikcija. Z avtogramom prav tako sporo\u010damo, da &hellip; <a href=\"https:\/\/blazcegnar.com\/zeo\/sporazum-in-zaprisega-o-nameri-zdruzenih-zivih-sil\/\" class=\"more-link\">Preberi ve\u010d o <span class=\"screen-reader-text\">Sporazum Zdru\u017eenih-\u017eivih-sil:<\/span><\/a><\/p>\n","protected":false},"author":2,"featured_media":0,"parent":0,"menu_order":0,"comment_status":"closed","ping_status":"closed","template":"","meta":{"footnotes":""},"class_list":["post-235","page","type-page","status-publish","hentry"],"_links":{"self":[{"href":"https:\/\/blazcegnar.com\/zeo\/wp-json\/wp\/v2\/pages\/235","targetHints":{"allow":["GET"]}}],"collection":[{"href":"https:\/\/blazcegnar.com\/zeo\/wp-json\/wp\/v2\/pages"}],"about":[{"href":"https:\/\/blazcegnar.com\/zeo\/wp-json\/wp\/v2\/types\/page"}],"author":[{"embeddable":true,"href":"https:\/\/blazcegnar.com\/zeo\/wp-json\/wp\/v2\/users\/2"}],"replies":[{"embeddable":true,"href":"https:\/\/blazcegnar.com\/zeo\/wp-json\/wp\/v2\/comments?post=235"}],"version-history":[{"count":27,"href":"https:\/\/blazcegnar.com\/zeo\/wp-json\/wp\/v2\/pages\/235\/revisions"}],"predecessor-version":[{"id":477,"href":"https:\/\/blazcegnar.com\/zeo\/wp-json\/wp\/v2\/pages\/235\/revisions\/477"}],"wp:attachment":[{"href":"https:\/\/blazcegnar.com\/zeo\/wp-json\/wp\/v2\/media?parent=235"}],"curies":[{"name":"wp","href":"https:\/\/api.w.org\/{rel}","templated":true}]}}