{"id":2,"date":"2015-05-05T16:47:25","date_gmt":"2015-05-05T16:47:25","guid":{"rendered":"https:\/\/blazcegnar.com\/wp-zeo\/?page_id=2"},"modified":"2022-07-02T22:11:13","modified_gmt":"2022-07-02T20:11:13","slug":"vzorcna-stran","status":"publish","type":"page","link":"https:\/\/blazcegnar.com\/zeo\/","title":{"rendered":"\u2022 Zdru\u017eene-\u017eive-sile \u2022"},"content":{"rendered":"<p style=\"text-align: justify;\">Pozdravljeni na spleti\u0161\u010du Zdru\u017eenih-\u017eivih-sil. Pridru\u017eena \u017eiva-bitja sodelujemo z namenom vr\u0161enja obnove ljudi in Zemlje v stanje so\u017eitja in harmonije. Izhajamo iz razumevanja <strong>naravnega-zakona-enosti-in-enakovrednosti<\/strong> in posledi\u010dnega <strong>zlatega-pravila ravnanja.<\/strong><\/p>\n<p style=\"text-align: justify;\"><strong>Na kratko: Vsa \u017eiva-bitja izhajamo iz istega vira in smo del iste enosti, zato smo po vrednosti svojega \u017eivenja enako-vredna z vsem, kar obstaja. Posledi\u010dno se zavedamo na\u0161e soodgovornosti, da vsem in ne le sebi zagotovimo dostojno \u017eivenje. Kar je najbolj\u0161e za vso \u017eivenje, je posledi\u010dno najbolj\u0161e za vsakega posameznika. Samostojno in s sodelovanjem vr\u0161imo zlato-na\u010delo: <\/strong><strong>Upo\u0161tevajmo in obravnavajmo druge tako, kot ho\u010demo biti sami na njihovem mestu. <\/strong><strong>Postajamo sprememba, ki jo \u017eelimo videti v svetu. U\u010dimo se dajati drugim tako, kot ho\u010demo sami zdravorazumsko prejemati.<\/strong><\/p>\n<p style=\"text-align: justify;\">Zdru\u017eeni in zedinjeni <strong>v zavedanju na\u0161e mo\u010di dolgotrajnega vplivanja na dru\u017ebo in svet <\/strong>se zavzemamo za dokon\u010dno zagotovitev temeljnih \u010dlovekovih svobo\u0161\u010din in pravic, kot so predstavljene v posnetku Fundacije enakovrednega \u017eivljenja:<\/p>\n<p><iframe loading=\"lazy\" title=\"Temeljne \u010dlovekove pravice - Fundacija enakovrednega \u017eivljenja\" width=\"660\" height=\"371\" src=\"https:\/\/www.youtube.com\/embed\/LivS36I3_io?feature=oembed\" frameborder=\"0\" allow=\"accelerometer; autoplay; clipboard-write; encrypted-media; gyroscope; picture-in-picture; web-share\" referrerpolicy=\"strict-origin-when-cross-origin\" allowfullscreen><\/iframe><\/p>\n<p><strong>Sprejemamo nove \u010dlane<\/strong> z ustrezno mero samoodgovornosti in na\u010delne samousmerjenosti. Pristopnim \u010dlanom po dogovoru nudimo podporo in svetovanje za la\u017ejo pridobitev razumevanja, ki ga \u010dlovek potrebuje, da opusti vlogo \u017ertve in prestopi na stran opolnomo\u010denih ljudi. \u010clanom nudimo tudi razli\u010dne druge ugodnosti.<\/p>\n<p style=\"text-align: center;\">\u017diva-sila ego lomi.<\/p>\n\n\n<hr class=\"wp-block-separator has-css-opacity is-style-wide\"\/>\n\n\n\n<p class=\"has-text-align-center has-text-color\" style=\"color:#6c008c\">\u017diva-sila: :Bla\u017e :Cegnar. Vse pravice pridr\u017eane. Copy-right\/Copy-claim.<\/p>\n","protected":false},"excerpt":{"rendered":"<p>Pozdravljeni na spleti\u0161\u010du Zdru\u017eenih-\u017eivih-sil. Pridru\u017eena \u017eiva-bitja sodelujemo z namenom vr\u0161enja obnove ljudi in Zemlje v stanje so\u017eitja in harmonije. Izhajamo iz razumevanja naravnega-zakona-enosti-in-enakovrednosti in posledi\u010dnega zlatega-pravila ravnanja. Na kratko: Vsa \u017eiva-bitja izhajamo iz istega vira in smo del iste enosti, zato smo po vrednosti svojega \u017eivenja enako-vredna z vsem, kar obstaja. Posledi\u010dno se zavedamo na\u0161e &hellip; <a href=\"https:\/\/blazcegnar.com\/zeo\/\" class=\"more-link\">Preberi ve\u010d o <span class=\"screen-reader-text\">\u2022 Zdru\u017eene-\u017eive-sile \u2022<\/span><\/a><\/p>\n","protected":false},"author":2,"featured_media":0,"parent":0,"menu_order":0,"comment_status":"closed","ping_status":"closed","template":"","meta":{"footnotes":""},"class_list":["post-2","page","type-page","status-publish","hentry"],"_links":{"self":[{"href":"https:\/\/blazcegnar.com\/zeo\/wp-json\/wp\/v2\/pages\/2","targetHints":{"allow":["GET"]}}],"collection":[{"href":"https:\/\/blazcegnar.com\/zeo\/wp-json\/wp\/v2\/pages"}],"about":[{"href":"https:\/\/blazcegnar.com\/zeo\/wp-json\/wp\/v2\/types\/page"}],"author":[{"embeddable":true,"href":"https:\/\/blazcegnar.com\/zeo\/wp-json\/wp\/v2\/users\/2"}],"replies":[{"embeddable":true,"href":"https:\/\/blazcegnar.com\/zeo\/wp-json\/wp\/v2\/comments?post=2"}],"version-history":[{"count":62,"href":"https:\/\/blazcegnar.com\/zeo\/wp-json\/wp\/v2\/pages\/2\/revisions"}],"predecessor-version":[{"id":469,"href":"https:\/\/blazcegnar.com\/zeo\/wp-json\/wp\/v2\/pages\/2\/revisions\/469"}],"wp:attachment":[{"href":"https:\/\/blazcegnar.com\/zeo\/wp-json\/wp\/v2\/media?parent=2"}],"curies":[{"name":"wp","href":"https:\/\/api.w.org\/{rel}","templated":true}]}}