{"id":435,"date":"2021-03-18T14:48:42","date_gmt":"2021-03-18T13:48:42","guid":{"rendered":"https:\/\/blazcegnar.com\/kerimamojajca\/?page_id=435"},"modified":"2021-03-18T15:11:20","modified_gmt":"2021-03-18T14:11:20","slug":"narocilo","status":"publish","type":"page","link":"https:\/\/blazcegnar.com\/kerimamojajca\/narocilo\/","title":{"rendered":"Naro\u010dilnica"},"content":{"rendered":"\t\t<div data-elementor-type=\"wp-page\" data-elementor-id=\"435\" class=\"elementor elementor-435\">\n\t\t\t\t\t\t<section class=\"elementor-section elementor-top-section elementor-element elementor-element-ccce6f8 elementor-section-boxed elementor-section-height-default elementor-section-height-default\" data-id=\"ccce6f8\" data-element_type=\"section\" data-e-type=\"section\">\n\t\t\t\t\t\t<div class=\"elementor-container elementor-column-gap-default\">\n\t\t\t\t\t<div class=\"elementor-column elementor-col-100 elementor-top-column elementor-element elementor-element-e53ea1a\" data-id=\"e53ea1a\" data-element_type=\"column\" data-e-type=\"column\">\n\t\t\t<div class=\"elementor-widget-wrap elementor-element-populated\">\n\t\t\t\t\t\t<div class=\"elementor-element elementor-element-b2e7c73 elementor-widget elementor-widget-heading\" data-id=\"b2e7c73\" data-element_type=\"widget\" data-e-type=\"widget\" data-widget_type=\"heading.default\">\n\t\t\t\t<div class=\"elementor-widget-container\">\n\t\t\t\t\t<h2 class=\"elementor-heading-title elementor-size-default\">Naro\u010dilnica:<\/h2>\t\t\t\t<\/div>\n\t\t\t\t<\/div>\n\t\t\t\t\t<\/div>\n\t\t<\/div>\n\t\t\t\t\t<\/div>\n\t\t<\/section>\n\t\t\t\t<section class=\"elementor-section elementor-top-section elementor-element elementor-element-ee6e8e1 elementor-section-boxed elementor-section-height-default elementor-section-height-default\" data-id=\"ee6e8e1\" data-element_type=\"section\" data-e-type=\"section\">\n\t\t\t\t\t\t<div class=\"elementor-container elementor-column-gap-default\">\n\t\t\t\t\t<div class=\"elementor-column elementor-col-100 elementor-top-column elementor-element elementor-element-b762209\" data-id=\"b762209\" data-element_type=\"column\" data-e-type=\"column\">\n\t\t\t<div class=\"elementor-widget-wrap elementor-element-populated\">\n\t\t\t\t\t\t<div class=\"elementor-element elementor-element-d7881b1 elementor-widget elementor-widget-wpforms\" data-id=\"d7881b1\" data-element_type=\"widget\" data-e-type=\"widget\" data-widget_type=\"wpforms.default\">\n\t\t\t\t<div class=\"elementor-widget-container\">\n\t\t\t\t\t<div class=\"wpforms-container wpforms-container-full\" id=\"wpforms-428\"><form id=\"wpforms-form-428\" class=\"wpforms-validate wpforms-form wpforms-ajax-form\" data-formid=\"428\" method=\"post\" enctype=\"multipart\/form-data\" action=\"\/kerimamojajca\/wp-json\/wp\/v2\/pages\/435\" data-token=\"5e9071735daf32b56858216ece6dc64c\" data-token-time=\"1776933040\"><noscript class=\"wpforms-error-noscript\">Please enable JavaScript in your browser to complete this form.<\/noscript><div class=\"wpforms-field-container\"><div id=\"wpforms-428-field_1-container\" class=\"wpforms-field wpforms-field-name\" data-field-id=\"1\"><label class=\"wpforms-field-label\" for=\"wpforms-428-field_1\">Ime in priimek: <span class=\"wpforms-required-label\">*<\/span><\/label><div class=\"wpforms-field-row wpforms-field-medium\"><div class=\"wpforms-field-row-block wpforms-first wpforms-one-half\"><input type=\"text\" id=\"wpforms-428-field_1\" class=\"wpforms-field-name-first wpforms-field-required\" name=\"wpforms[fields][1][first]\" placeholder=\"Ime\" required><label for=\"wpforms-428-field_1\" class=\"wpforms-field-sublabel after wpforms-sublabel-hide\">First<\/label><\/div><div class=\"wpforms-field-row-block wpforms-one-half\"><input type=\"text\" id=\"wpforms-428-field_1-last\" class=\"wpforms-field-name-last wpforms-field-required\" name=\"wpforms[fields][1][last]\" placeholder=\"Priimek\" required><label for=\"wpforms-428-field_1-last\" class=\"wpforms-field-sublabel after wpforms-sublabel-hide\">Last<\/label><\/div><\/div><\/div><div id=\"wpforms-428-field_10-container\" class=\"wpforms-field wpforms-field-text\" data-field-id=\"10\"><label class=\"wpforms-field-label\" for=\"wpforms-428-field_10\">Naslov za dostavo: <span class=\"wpforms-required-label\">*<\/span><\/label><input type=\"text\" id=\"wpforms-428-field_10\" class=\"wpforms-field-medium wpforms-field-required\" name=\"wpforms[fields][10]\" required><\/div><div id=\"wpforms-428-field_2-container\" class=\"wpforms-field wpforms-field-email\" data-field-id=\"2\"><label class=\"wpforms-field-label\" for=\"wpforms-428-field_2\">E-po\u0161ta:<\/label><input type=\"email\" id=\"wpforms-428-field_2\" class=\"wpforms-field-medium\" name=\"wpforms[fields][2]\" spellcheck=\"false\" ><\/div><div id=\"wpforms-428-field_4-container\" class=\"wpforms-field wpforms-field-number\" data-field-id=\"4\"><label class=\"wpforms-field-label\" for=\"wpforms-428-field_4\">Telefon: <span class=\"wpforms-required-label\">*<\/span><\/label><input type=\"number\" id=\"wpforms-428-field_4\" class=\"wpforms-field-medium wpforms-field-required\" name=\"wpforms[fields][4]\" step=\"any\" required><\/div><div id=\"wpforms-428-field_5-container\" class=\"wpforms-field wpforms-field-radio wpforms-list-inline\" data-field-id=\"5\"><label class=\"wpforms-field-label\">Vrsta naro\u010dila: <span class=\"wpforms-required-label\">*<\/span><\/label><ul id=\"wpforms-428-field_5\" class=\"wpforms-field-required\"><li class=\"choice-1 depth-1\"><input type=\"radio\" id=\"wpforms-428-field_5_1\" name=\"wpforms[fields][5]\" value=\"Enkratno naro\u010dilo\" required ><label class=\"wpforms-field-label-inline\" for=\"wpforms-428-field_5_1\">Enkratno naro\u010dilo<\/label><\/li><li class=\"choice-2 depth-1\"><input type=\"radio\" id=\"wpforms-428-field_5_2\" name=\"wpforms[fields][5]\" value=\"Mese\u010dno naro\u010dilo\" required ><label class=\"wpforms-field-label-inline\" for=\"wpforms-428-field_5_2\">Mese\u010dno naro\u010dilo<\/label><\/li><li class=\"choice-3 depth-1\"><input type=\"radio\" id=\"wpforms-428-field_5_3\" name=\"wpforms[fields][5]\" value=\"Preklicujem obstoje\u010da naro\u010dila\" required ><label class=\"wpforms-field-label-inline\" for=\"wpforms-428-field_5_3\">Preklicujem obstoje\u010da naro\u010dila<\/label><\/li><\/ul><div class=\"wpforms-field-description\">Pri mese\u010dnem naro\u010dilu pla\u010date znesek za cel mesec v naprej ob prvi dostavi.<\/div><\/div><div id=\"wpforms-428-field_6-container\" class=\"wpforms-field wpforms-field-select wpforms-field-select-style-classic\" data-field-id=\"6\"><label class=\"wpforms-field-label\" for=\"wpforms-428-field_6\">Koli\u010dina za dostavo (pri mese\u010dni naro\u010dnini pomeni koli\u010dino ob vsaki dostavi): <span class=\"wpforms-required-label\">*<\/span><\/label><select id=\"wpforms-428-field_6\" class=\"wpforms-field-medium wpforms-field-required\" name=\"wpforms[fields][6]\" required=\"required\"><option value=\"10 jajc\"  class=\"choice-1 depth-1\"  >10 jajc<\/option><option value=\"20 jajc\"  class=\"choice-2 depth-1\"  >20 jajc<\/option><option value=\"30 jajc\"  class=\"choice-3 depth-1\"  >30 jajc<\/option><option value=\"40 jajc\"  class=\"choice-10 depth-1\"  >40 jajc<\/option><option value=\"50 jajc\"  class=\"choice-9 depth-1\"  >50 jajc<\/option><option value=\"60 jajc\"  class=\"choice-8 depth-1\"  >60 jajc<\/option><option value=\"70 jajc\"  class=\"choice-7 depth-1\"  >70 jajc<\/option><option value=\"80 jajc\"  class=\"choice-6 depth-1\"  >80 jajc<\/option><option value=\"90 jajc\"  class=\"choice-5 depth-1\"  >90 jajc<\/option><option value=\"100 jajc\"  class=\"choice-4 depth-1\"  >100 jajc<\/option><\/select><div class=\"wpforms-field-description\">Dostava je vedno brezpla\u010dna v obmo\u010dju A, za obmo\u010dje B, Rimske Toplice, La\u0161ko in Celje pa ob naro\u010dilu vsaj 20 jajc.<\/div><\/div><div id=\"wpforms-428-field_7-container\" class=\"wpforms-field wpforms-field-radio wpforms-list-inline\" data-field-id=\"7\"><label class=\"wpforms-field-label\">Interval dostave: <span class=\"wpforms-required-label\">*<\/span><\/label><ul id=\"wpforms-428-field_7\" class=\"wpforms-field-required\"><li class=\"choice-1 depth-1\"><input type=\"radio\" id=\"wpforms-428-field_7_1\" name=\"wpforms[fields][7]\" value=\"Enkratna dostava\" required ><label class=\"wpforms-field-label-inline\" for=\"wpforms-428-field_7_1\">Enkratna dostava<\/label><\/li><li class=\"choice-4 depth-1\"><input type=\"radio\" id=\"wpforms-428-field_7_4\" name=\"wpforms[fields][7]\" value=\"Tedensko\" required ><label class=\"wpforms-field-label-inline\" for=\"wpforms-428-field_7_4\">Tedensko<\/label><\/li><li class=\"choice-2 depth-1\"><input type=\"radio\" id=\"wpforms-428-field_7_2\" name=\"wpforms[fields][7]\" value=\"Na 14 dni (prvi in tretji teden v mesecu)\" required ><label class=\"wpforms-field-label-inline\" for=\"wpforms-428-field_7_2\">Na 14 dni (prvi in tretji teden v mesecu)<\/label><\/li><li class=\"choice-3 depth-1\"><input type=\"radio\" id=\"wpforms-428-field_7_3\" name=\"wpforms[fields][7]\" value=\"Mese\u010dno (vsak prvi teden v mesecu)\" required ><label class=\"wpforms-field-label-inline\" for=\"wpforms-428-field_7_3\">Mese\u010dno (vsak prvi teden v mesecu)<\/label><\/li><\/ul><\/div><div id=\"wpforms-428-field_8-container\" class=\"wpforms-field wpforms-field-radio wpforms-list-inline\" data-field-id=\"8\"><label class=\"wpforms-field-label\">Dan dostave: <span class=\"wpforms-required-label\">*<\/span><\/label><ul id=\"wpforms-428-field_8\" class=\"wpforms-field-required\"><li class=\"choice-1 depth-1\"><input type=\"radio\" id=\"wpforms-428-field_8_1\" name=\"wpforms[fields][8]\" value=\"Ob torkih\" required ><label class=\"wpforms-field-label-inline\" for=\"wpforms-428-field_8_1\">Ob torkih<\/label><\/li><li class=\"choice-3 depth-1\"><input type=\"radio\" id=\"wpforms-428-field_8_3\" name=\"wpforms[fields][8]\" value=\"Ob \u010detrtkih\" required ><label class=\"wpforms-field-label-inline\" for=\"wpforms-428-field_8_3\">Ob \u010detrtkih<\/label><\/li><\/ul><div class=\"wpforms-field-description\">Predvidoma ob 16h.<\/div><\/div><div id=\"wpforms-428-field_11-container\" class=\"wpforms-field wpforms-field-textarea\" data-field-id=\"11\"><label class=\"wpforms-field-label\" for=\"wpforms-428-field_11\">Nam \u017eelite \u0161e kaj sporo\u010diti?<\/label><textarea id=\"wpforms-428-field_11\" class=\"wpforms-field-medium\" name=\"wpforms[fields][11]\" ><\/textarea><\/div><\/div><!-- .wpforms-field-container --><div class=\"wpforms-submit-container\" ><input type=\"hidden\" name=\"wpforms[id]\" value=\"428\"><input type=\"hidden\" name=\"page_title\" value=\"\"><input type=\"hidden\" name=\"page_url\" value=\"https:\/\/blazcegnar.com\/kerimamojajca\/wp-json\/wp\/v2\/pages\/435\"><input type=\"hidden\" name=\"url_referer\" value=\"\"><button type=\"submit\" name=\"wpforms[submit]\" id=\"wpforms-submit-428\" class=\"wpforms-submit\" data-alt-text=\"Po\u0161iljam ...\" data-submit-text=\"Oddaj naro\u010dilo\" aria-live=\"assertive\" value=\"wpforms-submit\">Oddaj naro\u010dilo<\/button><img decoding=\"async\" src=\"https:\/\/blazcegnar.com\/kerimamojajca\/wp-content\/plugins\/wpforms-lite\/assets\/images\/submit-spin.svg\" class=\"wpforms-submit-spinner\" style=\"display: none;\" width=\"26\" height=\"26\" alt=\"Loading\"><\/div><\/form><\/div>  <!-- .wpforms-container -->\t\t\t\t<\/div>\n\t\t\t\t<\/div>\n\t\t\t\t\t<\/div>\n\t\t<\/div>\n\t\t\t\t\t<\/div>\n\t\t<\/section>\n\t\t\t\t<section class=\"elementor-section elementor-top-section elementor-element elementor-element-c97bb84 elementor-section-boxed elementor-section-height-default elementor-section-height-default\" data-id=\"c97bb84\" data-element_type=\"section\" data-e-type=\"section\">\n\t\t\t\t\t\t<div class=\"elementor-container elementor-column-gap-default\">\n\t\t\t\t\t<div class=\"elementor-column elementor-col-50 elementor-top-column elementor-element elementor-element-fd382ee\" data-id=\"fd382ee\" data-element_type=\"column\" data-e-type=\"column\">\n\t\t\t<div class=\"elementor-widget-wrap elementor-element-populated\">\n\t\t\t\t\t\t<div class=\"elementor-element elementor-element-614c9ae elementor-widget__width-initial elementor-view-default elementor-widget elementor-widget-icon\" data-id=\"614c9ae\" data-element_type=\"widget\" data-e-type=\"widget\" data-widget_type=\"icon.default\">\n\t\t\t\t<div class=\"elementor-widget-container\">\n\t\t\t\t\t\t\t<div class=\"elementor-icon-wrapper\">\n\t\t\t<a class=\"elementor-icon\" href=\"https:\/\/blazcegnar.com\/kerimamojajca\/\">\n\t\t\t<i aria-hidden=\"true\" class=\"fas fa-arrow-left\"><\/i>\t\t\t<\/a>\n\t\t<\/div>\n\t\t\t\t\t\t<\/div>\n\t\t\t\t<\/div>\n\t\t\t\t\t<\/div>\n\t\t<\/div>\n\t\t\t\t<div class=\"elementor-column elementor-col-50 elementor-top-column elementor-element elementor-element-e9653bb\" data-id=\"e9653bb\" data-element_type=\"column\" data-e-type=\"column\">\n\t\t\t<div class=\"elementor-widget-wrap elementor-element-populated\">\n\t\t\t\t\t\t<div class=\"elementor-element elementor-element-4f09308 elementor-widget elementor-widget-heading\" data-id=\"4f09308\" data-element_type=\"widget\" data-e-type=\"widget\" data-widget_type=\"heading.default\">\n\t\t\t\t<div class=\"elementor-widget-container\">\n\t\t\t\t\t<h2 class=\"elementor-heading-title elementor-size-default\"><a href=\"https:\/\/blazcegnar.com\/kerimamojajca\/\">Nazaj na glavno stran<\/a><\/h2>\t\t\t\t<\/div>\n\t\t\t\t<\/div>\n\t\t\t\t\t<\/div>\n\t\t<\/div>\n\t\t\t\t\t<\/div>\n\t\t<\/section>\n\t\t\t\t<section class=\"elementor-section elementor-top-section elementor-element elementor-element-9ab1f77 elementor-section-boxed elementor-section-height-default elementor-section-height-default\" data-id=\"9ab1f77\" data-element_type=\"section\" data-e-type=\"section\">\n\t\t\t\t\t\t<div class=\"elementor-container elementor-column-gap-default\">\n\t\t\t\t\t<div class=\"elementor-column elementor-col-100 elementor-top-column elementor-element elementor-element-ecdfd67\" data-id=\"ecdfd67\" data-element_type=\"column\" data-e-type=\"column\">\n\t\t\t<div class=\"elementor-widget-wrap elementor-element-populated\">\n\t\t\t\t\t\t<div class=\"elementor-element elementor-element-67e4582 elementor-widget elementor-widget-heading\" data-id=\"67e4582\" data-element_type=\"widget\" data-e-type=\"widget\" data-widget_type=\"heading.default\">\n\t\t\t\t<div class=\"elementor-widget-container\">\n\t\t\t\t\t<p class=\"elementor-heading-title elementor-size-default\">Vse pravice pridr\u017eane: Bla\u017e: Cegnar. Copy-right\/Copy-claim.<\/p>\t\t\t\t<\/div>\n\t\t\t\t<\/div>\n\t\t\t\t\t<\/div>\n\t\t<\/div>\n\t\t\t\t\t<\/div>\n\t\t<\/section>\n\t\t\t\t<\/div>\n\t\t","protected":false},"excerpt":{"rendered":"<p>Naro\u010dilnica: Nazaj na glavno stran Vse pravice pridr\u017eane: Bla\u017e: Cegnar. Copy-right\/Copy-claim.<\/p>\n","protected":false},"author":1,"featured_media":0,"parent":0,"menu_order":0,"comment_status":"closed","ping_status":"closed","template":"elementor_canvas","meta":{"footnotes":""},"class_list":["post-435","page","type-page","status-publish","hentry"],"_links":{"self":[{"href":"https:\/\/blazcegnar.com\/kerimamojajca\/wp-json\/wp\/v2\/pages\/435","targetHints":{"allow":["GET"]}}],"collection":[{"href":"https:\/\/blazcegnar.com\/kerimamojajca\/wp-json\/wp\/v2\/pages"}],"about":[{"href":"https:\/\/blazcegnar.com\/kerimamojajca\/wp-json\/wp\/v2\/types\/page"}],"author":[{"embeddable":true,"href":"https:\/\/blazcegnar.com\/kerimamojajca\/wp-json\/wp\/v2\/users\/1"}],"replies":[{"embeddable":true,"href":"https:\/\/blazcegnar.com\/kerimamojajca\/wp-json\/wp\/v2\/comments?post=435"}],"version-history":[{"count":11,"href":"https:\/\/blazcegnar.com\/kerimamojajca\/wp-json\/wp\/v2\/pages\/435\/revisions"}],"predecessor-version":[{"id":454,"href":"https:\/\/blazcegnar.com\/kerimamojajca\/wp-json\/wp\/v2\/pages\/435\/revisions\/454"}],"wp:attachment":[{"href":"https:\/\/blazcegnar.com\/kerimamojajca\/wp-json\/wp\/v2\/media?parent=435"}],"curies":[{"name":"wp","href":"https:\/\/api.w.org\/{rel}","templated":true}]}}