{"id":997,"date":"2022-05-04T13:44:16","date_gmt":"2022-05-04T12:44:16","guid":{"rendered":"https:\/\/blazcegnar.com\/home\/?page_id=997"},"modified":"2022-05-19T13:53:36","modified_gmt":"2022-05-19T12:53:36","slug":"pogoji-uporabe-flasher-ucnega-orodja","status":"publish","type":"page","link":"https:\/\/blazcegnar.com\/home\/pogoji-uporabe-flasher-ucnega-orodja\/","title":{"rendered":"Pogoji uporabe Flasher u\u010dnega orodja"},"content":{"rendered":"\t\t<div data-elementor-type=\"wp-page\" data-elementor-id=\"997\" class=\"elementor elementor-997\">\n\t\t\t\t\t\t<section class=\"elementor-section elementor-top-section elementor-element elementor-element-2f56040 elementor-section-boxed elementor-section-height-default elementor-section-height-default\" data-id=\"2f56040\" data-element_type=\"section\" data-e-type=\"section\">\n\t\t\t\t\t\t<div class=\"elementor-container elementor-column-gap-default\">\n\t\t\t\t\t<div class=\"elementor-column elementor-col-100 elementor-top-column elementor-element elementor-element-34d0e0c\" data-id=\"34d0e0c\" data-element_type=\"column\" data-e-type=\"column\">\n\t\t\t<div class=\"elementor-widget-wrap elementor-element-populated\">\n\t\t\t\t\t\t<div class=\"elementor-element elementor-element-7e671b3 elementor-widget elementor-widget-heading\" data-id=\"7e671b3\" data-element_type=\"widget\" data-e-type=\"widget\" data-widget_type=\"heading.default\">\n\t\t\t\t<div class=\"elementor-widget-container\">\n\t\t\t\t\t<span class=\"elementor-heading-title elementor-size-default\"><a href=\"https:\/\/blazcegnar.com\/home\/flasher-novosti\">&lt;- Novosti posamezne razli\u010dice u\u010dnega orodja Flasher<\/a><\/span>\t\t\t\t<\/div>\n\t\t\t\t<\/div>\n\t\t\t\t<div class=\"elementor-element elementor-element-a7e2c9a elementor-widget elementor-widget-heading\" data-id=\"a7e2c9a\" data-element_type=\"widget\" data-e-type=\"widget\" data-widget_type=\"heading.default\">\n\t\t\t\t<div class=\"elementor-widget-container\">\n\t\t\t\t\t<h2 class=\"elementor-heading-title elementor-size-default\">Pogoji uporabe u\u010dnega orodja Flasher<\/h2>\t\t\t\t<\/div>\n\t\t\t\t<\/div>\n\t\t\t\t<div class=\"elementor-element elementor-element-736e3f7 elementor-widget elementor-widget-text-editor\" data-id=\"736e3f7\" data-element_type=\"widget\" data-e-type=\"widget\" data-widget_type=\"text-editor.default\">\n\t\t\t\t<div class=\"elementor-widget-container\">\n\t\t\t\t\t\t\t\t\t<p><span style=\"font-family: var( --e-global-typography-text-font-family ), Sans-serif; font-weight: var( --e-global-typography-text-font-weight ); font-size: 1rem;\">Posodobljeno: 19. 5. 2022<\/span><\/p><p>POGOJI UPORABE<br \/>Z uporabo u\u010dnega orodja Flasher &#8211; v nadaljevanju: programa &#8211; se strinjate s temi pogoji.<\/p><p>U\u010dno orodje Flasher v obliki programa je avtorsko za\u0161\u010diteno, avtor je :Bla\u017e :Cegnar, vse pravice pridr\u017eane.<\/p><p>Uporaba programa je dovoljena samo za zasebne in nepridobitni\u0161ke namene. Za vsako drugo vrsto uporabe programa je potrebno pisno dovoljenje avtorja.<\/p><p>Uporaba programa je na lastno odgovornost. Avtor ne daje zagotovil.<\/p><p>ZASEBNOST<br \/>Podatki, ki jih uporabnik programa nalo\u017ei v oblak preko funkcij programa, so dostopni tudi drugim uporabnikom programa. Uporabnik je sam odgovoren poskrbeti za to, da z drugimi uporabniki ne deli svojih osebnih podatkov, osebnih podatkov drugih ali kakr\u0161nihkoli podatkov, za katere ni pridobil ustreznih dovoljenj, kadar je to potrebno.<\/p><p>Z namenom izbolj\u0161evanja uporabni\u0161ke izku\u0161nje in merjenja u\u010dinkov uporabe programa lahko program samodejno zbira podatke o uporabljanih funkcionalnostih programa med uporabo programa, ki so vezane na uporabni\u0161ki ra\u010dun in identifikacijsko oznako naprave, na kateri program deluje. Vsi tako pridobljeni podatki so uporabljeni samo za naveden namen in niso posredovani tretjim osebam.<\/p><p>ZUNANJI POSEGI<br \/>Brez pisnega soglasja avtorja programa so prepovedani vsi posegi v delovanje programa, ki kakorkoli spreminjajo, zmanj\u0161ujejo ali onemogo\u010dajo predvideno delovanje programa ali kopirajo in prena\u0161ajo podatke izven programa ali podatkovnih baz, do katerih program dostopa.<\/p><p>OPOZORILO EPILEPTIKOM<br \/>Program deluje na podlagi kratkotrajnega utripa besed. \u010ce ste ob\u010dutljivi na utripanje\u00a0 se pred uporabo posvetujte z zdravnikom.<\/p>\t\t\t\t\t\t\t\t<\/div>\n\t\t\t\t<\/div>\n\t\t\t\t<section class=\"elementor-section elementor-inner-section elementor-element elementor-element-7fed58f elementor-section-boxed elementor-section-height-default elementor-section-height-default\" data-id=\"7fed58f\" data-element_type=\"section\" data-e-type=\"section\">\n\t\t\t\t\t\t<div class=\"elementor-container elementor-column-gap-default\">\n\t\t\t\t\t<div class=\"elementor-column elementor-col-100 elementor-inner-column elementor-element elementor-element-096e840\" data-id=\"096e840\" data-element_type=\"column\" data-e-type=\"column\">\n\t\t\t<div class=\"elementor-widget-wrap\">\n\t\t\t\t\t\t\t<\/div>\n\t\t<\/div>\n\t\t\t\t\t<\/div>\n\t\t<\/section>\n\t\t\t\t\t<\/div>\n\t\t<\/div>\n\t\t\t\t\t<\/div>\n\t\t<\/section>\n\t\t\t\t<\/div>\n\t\t","protected":false},"excerpt":{"rendered":"","protected":false},"author":1,"featured_media":0,"parent":0,"menu_order":0,"comment_status":"closed","ping_status":"closed","template":"elementor_canvas","meta":{"footnotes":""},"class_list":["post-997","page","type-page","status-publish","hentry"],"_links":{"self":[{"href":"https:\/\/blazcegnar.com\/home\/wp-json\/wp\/v2\/pages\/997","targetHints":{"allow":["GET"]}}],"collection":[{"href":"https:\/\/blazcegnar.com\/home\/wp-json\/wp\/v2\/pages"}],"about":[{"href":"https:\/\/blazcegnar.com\/home\/wp-json\/wp\/v2\/types\/page"}],"author":[{"embeddable":true,"href":"https:\/\/blazcegnar.com\/home\/wp-json\/wp\/v2\/users\/1"}],"replies":[{"embeddable":true,"href":"https:\/\/blazcegnar.com\/home\/wp-json\/wp\/v2\/comments?post=997"}],"version-history":[{"count":34,"href":"https:\/\/blazcegnar.com\/home\/wp-json\/wp\/v2\/pages\/997\/revisions"}],"predecessor-version":[{"id":1083,"href":"https:\/\/blazcegnar.com\/home\/wp-json\/wp\/v2\/pages\/997\/revisions\/1083"}],"wp:attachment":[{"href":"https:\/\/blazcegnar.com\/home\/wp-json\/wp\/v2\/media?parent=997"}],"curies":[{"name":"wp","href":"https:\/\/api.w.org\/{rel}","templated":true}]}}