{"id":903,"date":"2022-04-23T21:33:51","date_gmt":"2022-04-23T20:33:51","guid":{"rendered":"https:\/\/blazcegnar.com\/home\/?page_id=903"},"modified":"2024-08-04T11:29:50","modified_gmt":"2024-08-04T10:29:50","slug":"flasher-novosti","status":"publish","type":"page","link":"https:\/\/blazcegnar.com\/home\/flasher-novosti\/","title":{"rendered":"Flasher novosti"},"content":{"rendered":"\t\t<div data-elementor-type=\"wp-page\" data-elementor-id=\"903\" class=\"elementor elementor-903\">\n\t\t\t\t\t\t<section class=\"elementor-section elementor-top-section elementor-element elementor-element-6918b16 elementor-section-boxed elementor-section-height-default elementor-section-height-default\" data-id=\"6918b16\" data-element_type=\"section\" data-e-type=\"section\">\n\t\t\t\t\t\t<div class=\"elementor-container elementor-column-gap-default\">\n\t\t\t\t\t<div class=\"elementor-column elementor-col-100 elementor-top-column elementor-element elementor-element-2f89f5f\" data-id=\"2f89f5f\" data-element_type=\"column\" data-e-type=\"column\">\n\t\t\t<div class=\"elementor-widget-wrap elementor-element-populated\">\n\t\t\t\t\t\t<div class=\"elementor-element elementor-element-b5d5c37 elementor-widget elementor-widget-heading\" data-id=\"b5d5c37\" data-element_type=\"widget\" data-e-type=\"widget\" data-widget_type=\"heading.default\">\n\t\t\t\t<div class=\"elementor-widget-container\">\n\t\t\t\t\t<span class=\"elementor-heading-title elementor-size-default\"><a href=\"https:\/\/blazcegnar.com\/home\/pogoji-uporabe-flasher-ucnega-orodja\/\">&lt;- Pogoji uporabe u\u010dnega orodja Flasher<\/a><\/span>\t\t\t\t<\/div>\n\t\t\t\t<\/div>\n\t\t\t\t\t<\/div>\n\t\t<\/div>\n\t\t\t\t\t<\/div>\n\t\t<\/section>\n\t\t\t\t<section class=\"elementor-section elementor-top-section elementor-element elementor-element-2f56040 elementor-section-boxed elementor-section-height-default elementor-section-height-default\" data-id=\"2f56040\" data-element_type=\"section\" data-e-type=\"section\">\n\t\t\t\t\t\t<div class=\"elementor-container elementor-column-gap-default\">\n\t\t\t\t\t<div class=\"elementor-column elementor-col-100 elementor-top-column elementor-element elementor-element-34d0e0c\" data-id=\"34d0e0c\" data-element_type=\"column\" data-e-type=\"column\">\n\t\t\t<div class=\"elementor-widget-wrap elementor-element-populated\">\n\t\t\t\t\t\t<div class=\"elementor-element elementor-element-611f26e elementor-widget elementor-widget-heading\" data-id=\"611f26e\" data-element_type=\"widget\" data-e-type=\"widget\" data-widget_type=\"heading.default\">\n\t\t\t\t<div class=\"elementor-widget-container\">\n\t\t\t\t\t<h2 class=\"elementor-heading-title elementor-size-default\">Novosti posamezne razli\u010dice u\u010dnega orodja Flasher<\/h2>\t\t\t\t<\/div>\n\t\t\t\t<\/div>\n\t\t\t\t<section class=\"elementor-section elementor-inner-section elementor-element elementor-element-7fed58f elementor-section-boxed elementor-section-height-default elementor-section-height-default\" data-id=\"7fed58f\" data-element_type=\"section\" data-e-type=\"section\">\n\t\t\t\t\t\t<div class=\"elementor-container elementor-column-gap-default\">\n\t\t\t\t\t<div class=\"elementor-column elementor-col-100 elementor-inner-column elementor-element elementor-element-096e840\" data-id=\"096e840\" data-element_type=\"column\" data-e-type=\"column\">\n\t\t\t<div class=\"elementor-widget-wrap elementor-element-populated\">\n\t\t\t\t\t\t<div class=\"elementor-element elementor-element-736e3f7 elementor-widget elementor-widget-text-editor\" data-id=\"736e3f7\" data-element_type=\"widget\" data-e-type=\"widget\" data-widget_type=\"text-editor.default\">\n\t\t\t\t<div class=\"elementor-widget-container\">\n\t\t\t\t\t\t\t\t\t<p>4. 8. 2024 &#8211; v4.3<\/p>\n<ul>\n<li>Samodejna takoj\u0161nja aktivacija novo ustvarjenega uporabni\u0161kega ra\u010duna.<\/li>\n<\/ul>\n<p>28. 12. 2022 &#8211; v4.2<\/p>\n<ul>\n<li>Dodana mo\u017enost urejanja definicij besed za posamezen seznam in prikaz lastnih in avtorjevih definicij.<\/li>\n<li>Razni manj\u0161i popravki za bolj\u0161o uporabni\u0161ko izku\u0161njo.<\/li>\n<\/ul>\n<p>28. 6. 2022 &#8211; v4.1<\/p>\n<ul>\n<li>V nastavitve je dodan gumb za odpiranje aplikacijskega dnevnika.<\/li>\n<li>Odprava napake, ko se v\u010dasih ni izvajala animacija globusa med povezovanjem na stre\u017enik.<\/li>\n<li>Odprava napake, ko se ni prikazal napis &#8220;Sledi ponavljanje izvirnega seznama&#8221;.<\/li>\n<\/ul>\n<p>25. 6. 2022<strong>\u00a0&#8211; <\/strong>v4.0<\/p>\n<ul>\n<li>Mo\u017enost dodajanja in izvajanja veri\u017enih seznamov s samodejnim prehajanjem na naslednjega.<\/li>\n<li>Samodejno shranjevanje nedokon\u010danih veri\u017enih seznamov v oblak za prijavljene uporabnike in mo\u017enost kasnej\u0161ega nadaljevanja.<\/li>\n<li>Dodan zvo\u010dni signal ob koncu utripa besede, ko lahko za\u010dnemo tipkati, kadar hitrost utripanja ni najve\u010dja.<\/li>\n<li>Razni manj\u0161i popravki.<\/li>\n<\/ul>\n<p><span style=\"font-family: var( --e-global-typography-text-font-family ), Sans-serif; font-weight: var( --e-global-typography-text-font-weight ); font-size: 1rem;\">15. 5. 2022 &#8211; v3.11<\/span><\/p>\n<ul>\n<li>Dodan prikaz \u0161tevila seznamov zgre\u0161enih besed v vrsti.<\/li>\n<li>V vrsto seznamov zgre\u0161enih besed se dodajo samo unikatni seznami.<\/li>\n<li>Popravek sporo\u010dila po kon\u010danju seznama zgre\u0161enih besed, kadar \u0161e obstaja kak\u0161en seznam zgre\u0161enih besed v vrsti.<\/li>\n<\/ul>\n<p><span style=\"font-family: var( --e-global-typography-text-font-family ), Sans-serif; font-weight: var( --e-global-typography-text-font-weight ); font-size: 1rem;\">10. 5. 2022 &#8211; v3.10<\/span><\/p>\n<ul>\n<li>Izbolj\u0161ana avtomatizacija postopka prepoznave zgre\u0161enih besed.<\/li>\n<li>Gumb za podrobno \u010drkovanje se prika\u017ee samo po zgre\u0161eni besedi na najni\u017eji hitrosti prepoznavanja.<\/li>\n<li>Zdru\u017eena zavihka za novice in pogoje uporabe.<\/li>\n<\/ul>\n<p><span style=\"font-family: var( --e-global-typography-text-font-family ), Sans-serif; font-weight: var( --e-global-typography-text-font-weight ); font-size: 1rem;\">4. 5. 2022 &#8211; v3.9<\/span><\/p>\n<ul>\n<li>Dodana nastavitev za vklop naklju\u010dnega prikaza besed, ki jo prijavljeni uporabniki lahko izklju\u010dijo.<\/li>\n<li>Dodane tipkovni\u010dne bli\u017enjice za hitrost utripanja (F2, F3, F4) in nalaganje besed v utripalnik na podprtih zavihkih (Insert).<\/li>\n<li>Mo\u017enost prikaza naslednje \u010drke pri podrobnem \u010drkovanju.<\/li>\n<li>Gumb za nalaganje besed z odlo\u017ei\u0161\u010da je izpostavljen, kadar je ta izbira priporo\u010dena.<\/li>\n<\/ul>\n<p>24. 4. 2022 &#8211; v3.8<\/p>\n<ul>\n<li>Dodani zvo\u010dni efekti, ki jih prijavljeni uporabniki lahko izklju\u010dijo.<\/li>\n<li>Dodana povezava na spletno stran Flasherja, ki se odpre s klikom na logotip.<\/li>\n<\/ul>\n<p><span style=\"font-family: var( --e-global-typography-text-font-family ), Sans-serif; font-weight: var( --e-global-typography-text-font-weight ); font-size: 1rem;\">23. 4. 2022 &#8211; v3.7<\/span><\/p>\n<p><!-- \/wp:paragraph --><\/p>\n<p><!-- wp:list --><\/p>\n<ul>\n<li>Dodan grafi\u010dni prikaz uspe\u0161nosti ob kon\u010danju seznama besed.<\/li>\n<li>Dodan zavihek &#8220;Novosti&#8221;.<\/li>\n<li>Zadr\u017eanje mi\u0161ke nad besedilom razli\u010dice aplikacije prika\u017ee podroben zapis razli\u010dice.<\/li>\n<\/ul>\n<p><span style=\"font-family: var( --e-global-typography-text-font-family ), Sans-serif; font-weight: var( --e-global-typography-text-font-weight ); font-size: 1rem;\">23. 4. 2022 &#8211; v3.6<\/span><\/p>\n<ul>\n<li>Gumb za nadaljevanje se ob napa\u010dno vtipkani besedi pojavi z zakasnitvijo.<\/li>\n<\/ul>\n<p><span style=\"font-family: var( --e-global-typography-text-font-family ), Sans-serif; font-weight: var( --e-global-typography-text-font-weight ); font-size: 1rem;\">23. 4. 2022 &#8211; v3.5<\/span><\/p>\n<ul>\n<li>Dodana mo\u017enost podrobnega \u010drkovanja besede.<\/li>\n<\/ul>\n<p><span style=\"font-family: var( --e-global-typography-text-font-family ), Sans-serif; font-weight: var( --e-global-typography-text-font-weight ); font-size: 1rem;\">18. 4. 2022 &#8211; od v3.0 do v3.4<\/span><\/p>\n<ul>\n<li>Odprava potrebe po aktivaciji aplikacije.<\/li>\n<li>Dodane mo\u017enosti za doniranje in povratne informacije.<\/li>\n<li>Razni popravki in prilagoditve.<\/li>\n<\/ul>\t\t\t\t\t\t\t\t<\/div>\n\t\t\t\t<\/div>\n\t\t\t\t\t<\/div>\n\t\t<\/div>\n\t\t\t\t\t<\/div>\n\t\t<\/section>\n\t\t\t\t\t<\/div>\n\t\t<\/div>\n\t\t\t\t\t<\/div>\n\t\t<\/section>\n\t\t\t\t<\/div>\n\t\t","protected":false},"excerpt":{"rendered":"","protected":false},"author":1,"featured_media":0,"parent":0,"menu_order":0,"comment_status":"closed","ping_status":"closed","template":"elementor_canvas","meta":{"footnotes":""},"class_list":["post-903","page","type-page","status-publish","hentry"],"_links":{"self":[{"href":"https:\/\/blazcegnar.com\/home\/wp-json\/wp\/v2\/pages\/903","targetHints":{"allow":["GET"]}}],"collection":[{"href":"https:\/\/blazcegnar.com\/home\/wp-json\/wp\/v2\/pages"}],"about":[{"href":"https:\/\/blazcegnar.com\/home\/wp-json\/wp\/v2\/types\/page"}],"author":[{"embeddable":true,"href":"https:\/\/blazcegnar.com\/home\/wp-json\/wp\/v2\/users\/1"}],"replies":[{"embeddable":true,"href":"https:\/\/blazcegnar.com\/home\/wp-json\/wp\/v2\/comments?post=903"}],"version-history":[{"count":91,"href":"https:\/\/blazcegnar.com\/home\/wp-json\/wp\/v2\/pages\/903\/revisions"}],"predecessor-version":[{"id":1287,"href":"https:\/\/blazcegnar.com\/home\/wp-json\/wp\/v2\/pages\/903\/revisions\/1287"}],"wp:attachment":[{"href":"https:\/\/blazcegnar.com\/home\/wp-json\/wp\/v2\/media?parent=903"}],"curies":[{"name":"wp","href":"https:\/\/api.w.org\/{rel}","templated":true}]}}