{"id":645,"date":"2021-03-06T20:34:40","date_gmt":"2021-03-06T19:34:40","guid":{"rendered":"https:\/\/blazcegnar.com\/home\/?page_id=645"},"modified":"2023-01-01T11:22:16","modified_gmt":"2023-01-01T10:22:16","slug":"narocilo-knjige-moc-samoodpuscanja-izhod-skozi-matrico-uma","status":"publish","type":"page","link":"https:\/\/blazcegnar.com\/home\/narocilo-knjige-moc-samoodpuscanja-izhod-skozi-matrico-uma\/","title":{"rendered":"Naro\u010dilo knjige Mo\u010d samoodpu\u0161\u010danja: Izhod skozi matrico uma"},"content":{"rendered":"\t\t<div data-elementor-type=\"wp-page\" data-elementor-id=\"645\" class=\"elementor elementor-645\">\n\t\t\t\t\t\t<section class=\"elementor-section elementor-top-section elementor-element elementor-element-d40b5e5 elementor-section-boxed elementor-section-height-default elementor-section-height-default\" data-id=\"d40b5e5\" data-element_type=\"section\" data-e-type=\"section\">\n\t\t\t\t\t\t<div class=\"elementor-container elementor-column-gap-default\">\n\t\t\t\t\t<div class=\"elementor-column elementor-col-100 elementor-top-column elementor-element elementor-element-22b9e17\" data-id=\"22b9e17\" data-element_type=\"column\" data-e-type=\"column\">\n\t\t\t<div class=\"elementor-widget-wrap elementor-element-populated\">\n\t\t\t\t\t\t<section class=\"elementor-section elementor-inner-section elementor-element elementor-element-aac87d9 elementor-section-boxed elementor-section-height-default elementor-section-height-default\" data-id=\"aac87d9\" data-element_type=\"section\" data-e-type=\"section\">\n\t\t\t\t\t\t<div class=\"elementor-container elementor-column-gap-default\">\n\t\t\t\t\t<div class=\"elementor-column elementor-col-50 elementor-inner-column elementor-element elementor-element-557c79a\" data-id=\"557c79a\" data-element_type=\"column\" data-e-type=\"column\">\n\t\t\t<div class=\"elementor-widget-wrap elementor-element-populated\">\n\t\t\t\t\t\t<div class=\"elementor-element elementor-element-414736a elementor-view-default elementor-widget elementor-widget-icon\" data-id=\"414736a\" data-element_type=\"widget\" data-e-type=\"widget\" data-widget_type=\"icon.default\">\n\t\t\t\t<div class=\"elementor-widget-container\">\n\t\t\t\t\t\t\t<div class=\"elementor-icon-wrapper\">\n\t\t\t<div class=\"elementor-icon\">\n\t\t\t<i aria-hidden=\"true\" class=\"fas fa-book\"><\/i>\t\t\t<\/div>\n\t\t<\/div>\n\t\t\t\t\t\t<\/div>\n\t\t\t\t<\/div>\n\t\t\t\t\t<\/div>\n\t\t<\/div>\n\t\t\t\t<div class=\"elementor-column elementor-col-50 elementor-inner-column elementor-element elementor-element-4711d57\" data-id=\"4711d57\" data-element_type=\"column\" data-e-type=\"column\">\n\t\t\t<div class=\"elementor-widget-wrap elementor-element-populated\">\n\t\t\t\t\t\t<div class=\"elementor-element elementor-element-528eab4 elementor-widget elementor-widget-heading\" data-id=\"528eab4\" data-element_type=\"widget\" data-e-type=\"widget\" data-widget_type=\"heading.default\">\n\t\t\t\t<div class=\"elementor-widget-container\">\n\t\t\t\t\t<h2 class=\"elementor-heading-title elementor-size-default\">Knjiga Mo\u010d samoodpu\u0161\u010danja: Izhod skozi matrico uma<\/h2>\t\t\t\t<\/div>\n\t\t\t\t<\/div>\n\t\t\t\t\t<\/div>\n\t\t<\/div>\n\t\t\t\t\t<\/div>\n\t\t<\/section>\n\t\t\t\t\t<\/div>\n\t\t<\/div>\n\t\t\t\t\t<\/div>\n\t\t<\/section>\n\t\t\t\t<section class=\"elementor-section elementor-top-section elementor-element elementor-element-33ab73f elementor-section-boxed elementor-section-height-default elementor-section-height-default\" data-id=\"33ab73f\" data-element_type=\"section\" data-e-type=\"section\" data-settings=\"{&quot;background_background&quot;:&quot;classic&quot;}\">\n\t\t\t\t\t\t<div class=\"elementor-container elementor-column-gap-default\">\n\t\t\t\t\t<div class=\"elementor-column elementor-col-100 elementor-top-column elementor-element elementor-element-b5181d6\" data-id=\"b5181d6\" data-element_type=\"column\" data-e-type=\"column\">\n\t\t\t<div class=\"elementor-widget-wrap elementor-element-populated\">\n\t\t\t\t\t\t<section class=\"elementor-section elementor-inner-section elementor-element elementor-element-fe590f5 elementor-section-boxed elementor-section-height-default elementor-section-height-default\" data-id=\"fe590f5\" data-element_type=\"section\" data-e-type=\"section\">\n\t\t\t\t\t\t<div class=\"elementor-container elementor-column-gap-default\">\n\t\t\t\t\t<div class=\"elementor-column elementor-col-50 elementor-inner-column elementor-element elementor-element-4d4beeb\" data-id=\"4d4beeb\" data-element_type=\"column\" data-e-type=\"column\">\n\t\t\t<div class=\"elementor-widget-wrap elementor-element-populated\">\n\t\t\t\t\t\t<div class=\"elementor-element elementor-element-2cfa86a elementor-widget elementor-widget-heading\" data-id=\"2cfa86a\" data-element_type=\"widget\" data-e-type=\"widget\" data-widget_type=\"heading.default\">\n\t\t\t\t<div class=\"elementor-widget-container\">\n\t\t\t\t\t<h2 class=\"elementor-heading-title elementor-size-default\"><h3 style=\"font-style: normal;font-family: Ubuntu, sans-serif;text-align: center;white-space: normal\">Cena: 34,90 \u20ac<\/h3><\/h2>\t\t\t\t<\/div>\n\t\t\t\t<\/div>\n\t\t\t\t<div class=\"elementor-element elementor-element-a18ebf4 elementor-widget elementor-widget-heading\" data-id=\"a18ebf4\" data-element_type=\"widget\" data-e-type=\"widget\" data-widget_type=\"heading.default\">\n\t\t\t\t<div class=\"elementor-widget-container\">\n\t\t\t\t\t<h5 class=\"elementor-heading-title elementor-size-default\">Brezpla\u010dna dostava!<\/h5>\t\t\t\t<\/div>\n\t\t\t\t<\/div>\n\t\t\t\t<div class=\"elementor-element elementor-element-135629f elementor-widget elementor-widget-image\" data-id=\"135629f\" data-element_type=\"widget\" data-e-type=\"widget\" data-widget_type=\"image.default\">\n\t\t\t\t<div class=\"elementor-widget-container\">\n\t\t\t\t\t\t\t\t\t\t\t\t\t\t\t<img fetchpriority=\"high\" decoding=\"async\" width=\"600\" height=\"600\" src=\"https:\/\/blazcegnar.com\/home\/wp-content\/uploads\/2021\/03\/Knjiga-Moc-samoodpuscanja-mehka-vezava.jpg\" class=\"attachment-medium_large size-medium_large wp-image-577\" alt=\"\" srcset=\"https:\/\/blazcegnar.com\/home\/wp-content\/uploads\/2021\/03\/Knjiga-Moc-samoodpuscanja-mehka-vezava.jpg 600w, https:\/\/blazcegnar.com\/home\/wp-content\/uploads\/2021\/03\/Knjiga-Moc-samoodpuscanja-mehka-vezava-300x300.jpg 300w, https:\/\/blazcegnar.com\/home\/wp-content\/uploads\/2021\/03\/Knjiga-Moc-samoodpuscanja-mehka-vezava-150x150.jpg 150w\" sizes=\"(max-width: 600px) 100vw, 600px\" \/>\t\t\t\t\t\t\t\t\t\t\t\t\t\t\t<\/div>\n\t\t\t\t<\/div>\n\t\t\t\t<div class=\"elementor-element elementor-element-436ed66 elementor-widget elementor-widget-text-editor\" data-id=\"436ed66\" data-element_type=\"widget\" data-e-type=\"widget\" data-widget_type=\"text-editor.default\">\n\t\t\t\t<div class=\"elementor-widget-container\">\n\t\t\t\t\t\t\t\t\t<p><b>Tehni\u010dni podatki<\/b>: Druga, posodobljena izdaja v samozalo\u017ebi, sve\u010dan &#8211; februar 2020, v trdi vezavi 165 strani formata A5, vsebuje 30 poglavij s \u0161estimi barvnimi slikami oz. diagrami. Vrednost: 1 gram 24-karatnega zlata ali 34,90 EUR.\u00a0<span style=\"font-size: 16px;\">ISBN 978-961-290-615-3, CIP 059.923.2, COBISS.SI-ID 302643200.<\/span><\/p>\t\t\t\t\t\t\t\t<\/div>\n\t\t\t\t<\/div>\n\t\t\t\t\t<\/div>\n\t\t<\/div>\n\t\t\t\t<div class=\"elementor-column elementor-col-50 elementor-inner-column elementor-element elementor-element-a8902c3\" data-id=\"a8902c3\" data-element_type=\"column\" data-e-type=\"column\">\n\t\t\t<div class=\"elementor-widget-wrap elementor-element-populated\">\n\t\t\t\t\t\t<div class=\"elementor-element elementor-element-4ca7e19 elementor-widget elementor-widget-wpforms\" data-id=\"4ca7e19\" data-element_type=\"widget\" data-e-type=\"widget\" data-widget_type=\"wpforms.default\">\n\t\t\t\t<div class=\"elementor-widget-container\">\n\t\t\t\t\t<div class=\"wpforms-container wpforms-container-full\" id=\"wpforms-657\"><form id=\"wpforms-form-657\" class=\"wpforms-validate wpforms-form wpforms-ajax-form\" data-formid=\"657\" method=\"post\" enctype=\"multipart\/form-data\" action=\"\/home\/wp-json\/wp\/v2\/pages\/645\" data-token=\"8de1c563b0fe498df23a50d8959d56fe\" data-token-time=\"1777623276\"><noscript class=\"wpforms-error-noscript\">Please enable JavaScript in your browser to complete this form.<\/noscript><div class=\"wpforms-field-container\"><div id=\"wpforms-657-field_10-container\" class=\"wpforms-field wpforms-field-number\" data-field-id=\"10\"><label class=\"wpforms-field-label\" for=\"wpforms-657-field_10\">Koli\u010dina: <span class=\"wpforms-required-label\">*<\/span><\/label><input type=\"number\" id=\"wpforms-657-field_10\" class=\"wpforms-field-small wpforms-field-required\" name=\"wpforms[fields][10]\" value=\"1\" step=\"any\" required><\/div><div id=\"wpforms-657-field_2-container\" class=\"wpforms-field wpforms-field-name\" data-field-id=\"2\"><label class=\"wpforms-field-label\" for=\"wpforms-657-field_2\">Ime in priimek: <span class=\"wpforms-required-label\">*<\/span><\/label><div class=\"wpforms-field-row wpforms-field-medium\"><div class=\"wpforms-field-row-block wpforms-first wpforms-one-half\"><input type=\"text\" id=\"wpforms-657-field_2\" class=\"wpforms-field-name-first wpforms-field-required\" name=\"wpforms[fields][2][first]\" placeholder=\"Ime\" required><label for=\"wpforms-657-field_2\" class=\"wpforms-field-sublabel after wpforms-sublabel-hide\">First<\/label><\/div><div class=\"wpforms-field-row-block wpforms-one-half\"><input type=\"text\" id=\"wpforms-657-field_2-last\" class=\"wpforms-field-name-last wpforms-field-required\" name=\"wpforms[fields][2][last]\" placeholder=\"Priimek\" required><label for=\"wpforms-657-field_2-last\" class=\"wpforms-field-sublabel after wpforms-sublabel-hide\">Last<\/label><\/div><\/div><\/div><div id=\"wpforms-657-field_3-container\" class=\"wpforms-field wpforms-field-email\" data-field-id=\"3\"><label class=\"wpforms-field-label\" for=\"wpforms-657-field_3\">E-po\u0161ta: <span class=\"wpforms-required-label\">*<\/span><\/label><input type=\"email\" id=\"wpforms-657-field_3\" class=\"wpforms-field-medium wpforms-field-required\" name=\"wpforms[fields][3]\" spellcheck=\"false\" required><\/div><div id=\"wpforms-657-field_5-container\" class=\"wpforms-field wpforms-field-text\" data-field-id=\"5\"><label class=\"wpforms-field-label\" for=\"wpforms-657-field_5\">Naslov: <span class=\"wpforms-required-label\">*<\/span><\/label><input type=\"text\" id=\"wpforms-657-field_5\" class=\"wpforms-field-medium wpforms-field-required\" name=\"wpforms[fields][5]\" required><\/div><div id=\"wpforms-657-field_6-container\" class=\"wpforms-field wpforms-field-number\" data-field-id=\"6\"><label class=\"wpforms-field-label\" for=\"wpforms-657-field_6\">Po\u0161tna \u0161tevilka: <span class=\"wpforms-required-label\">*<\/span><\/label><input type=\"number\" id=\"wpforms-657-field_6\" class=\"wpforms-field-medium wpforms-field-required\" name=\"wpforms[fields][6]\" step=\"any\" required><\/div><div id=\"wpforms-657-field_7-container\" class=\"wpforms-field wpforms-field-text\" data-field-id=\"7\"><label class=\"wpforms-field-label\" for=\"wpforms-657-field_7\">Po\u0161ta: <span class=\"wpforms-required-label\">*<\/span><\/label><input type=\"text\" id=\"wpforms-657-field_7\" class=\"wpforms-field-medium wpforms-field-required\" name=\"wpforms[fields][7]\" required><\/div><div id=\"wpforms-657-field_8-container\" class=\"wpforms-field wpforms-field-text\" data-field-id=\"8\"><label class=\"wpforms-field-label\" for=\"wpforms-657-field_8\">Dav\u010dna \u0161tevilka:<\/label><input type=\"text\" id=\"wpforms-657-field_8\" class=\"wpforms-field-medium\" name=\"wpforms[fields][8]\" ><\/div><div id=\"wpforms-657-field_4-container\" class=\"wpforms-field wpforms-field-gdpr-checkbox wpforms-one-half wpforms-first\" data-field-id=\"4\"><label class=\"wpforms-field-label\">GDPR <span class=\"wpforms-required-label\">*<\/span><\/label><ul id=\"wpforms-657-field_4\" class=\"wpforms-field-required\"><li class=\"choice-1\"><input type=\"checkbox\" id=\"wpforms-657-field_4_1\" name=\"wpforms[fields][4][]\" value=\"Strinjam se, da ta stran hrani in obdeluje moje vne\u0161ene podatke za namen izdaje ra\u010duna in dostave izdelkov.\" required ><label class=\"wpforms-field-label-inline\" for=\"wpforms-657-field_4_1\">Strinjam se, da ta stran hrani in obdeluje moje vne\u0161ene podatke za namen izdaje ra\u010duna in dostave izdelkov.<\/label><\/li><\/ul><\/div><\/div><!-- .wpforms-field-container --><div class=\"wpforms-submit-container\" ><input type=\"hidden\" name=\"wpforms[id]\" value=\"657\"><input type=\"hidden\" name=\"page_title\" value=\"\"><input type=\"hidden\" name=\"page_url\" value=\"https:\/\/blazcegnar.com\/home\/wp-json\/wp\/v2\/pages\/645\"><input type=\"hidden\" name=\"url_referer\" value=\"\"><button type=\"submit\" name=\"wpforms[submit]\" id=\"wpforms-submit-657\" class=\"wpforms-submit\" data-alt-text=\"Obdelujem naro\u010dilo ...\" data-submit-text=\"Oddaj naro\u010dilo\" aria-live=\"assertive\" value=\"wpforms-submit\">Oddaj naro\u010dilo<\/button><img decoding=\"async\" src=\"https:\/\/blazcegnar.com\/home\/wp-content\/plugins\/wpforms-lite\/assets\/images\/submit-spin.svg\" class=\"wpforms-submit-spinner\" style=\"display: none;\" width=\"26\" height=\"26\" alt=\"Loading\"><\/div><\/form><\/div>  <!-- .wpforms-container -->\t\t\t\t<\/div>\n\t\t\t\t<\/div>\n\t\t\t\t\t<\/div>\n\t\t<\/div>\n\t\t\t\t\t<\/div>\n\t\t<\/section>\n\t\t\t\t<div class=\"elementor-element elementor-element-e1bfaba elementor-widget elementor-widget-text-editor\" data-id=\"e1bfaba\" data-element_type=\"widget\" data-e-type=\"widget\" data-widget_type=\"text-editor.default\">\n\t\t\t\t<div class=\"elementor-widget-container\">\n\t\t\t\t\t\t\t\t\t<p><strong>OPIS:<\/strong> Ta vodnik do samospoznanja lastne mo\u010di na\u010delnega samousmerjanja sem spisal na podlagi ve\u010d kot 10 let izku\u0161enj, ki sem jih pridobil s poglobljenim spoznavanjem in izpopolnjevanjem delovanja lastnega uma ali natan\u010dneje: miselno-\u010dustvenega sistema. Slednjemu se vsi ljudje nevede podrejamo, dokler tega ne ozavestimo. \u0160ele takrat se zbudimo iz hipnoze matrice uma, kar je predpogoj za svobodno \u017eivljenje brez strahov in podrejanja drugim, ter posledi\u010dno doseganje polnega \u017eivljenjskega potenciala.<\/p><p>\u00a0<\/p><p>Vodnik vklju\u010duje preverjeno naju\u010dinkovitej\u0161e metode, s prakti\u010dnimi primeri, za ozave\u0161\u010danje in preobrazbo odve\u010dnih in \u0161kodljivih miselno-\u010dustvenih vzorcev, navad in zablod. Knjigo priporo\u010dam vsakomur, ki \u017eeli raz\u0161iriti svoje zavedanje ter izbolj\u0161ati \u010dustveno stanje in medsebojne odnose. Vklju\u010dil sem samo tista spoznanja, za katera menim, da jih mora razumeti vsak, ker so bistvenega pomena za u\u010dinkovito \u017eivljenje brez zablod in nepotrebnega trpljenja.<\/p><p>\u00a0<\/p><p>\u010ce bi se lahko vrnil v preteklost in si kot otroku podaril samo eno stvar, bi si podaril to knjigo, ker bi mi prihranila ne\u0161teto zablod in trpljenja, ki sem si jih sam ustvaril zgolj zato, ker nisem razumel, kako deluje moj lasten um.<\/p><p>\u00a0<\/p><p>Knjiga je <strong>v trdi vezavi<\/strong>. Knjigo <strong>v mehki vezavi<\/strong>\u00a0lahko naro\u010dite\u00a0<strong><a href=\"https:\/\/www.primus.si\/moc-samoodpuscanja\/\">na tej spletni strani<\/a><\/strong>.<\/p>\t\t\t\t\t\t\t\t<\/div>\n\t\t\t\t<\/div>\n\t\t\t\t<div class=\"elementor-element elementor-element-94bc527 elementor-widget elementor-widget-spacer\" data-id=\"94bc527\" data-element_type=\"widget\" data-e-type=\"widget\" data-widget_type=\"spacer.default\">\n\t\t\t\t<div class=\"elementor-widget-container\">\n\t\t\t\t\t\t\t<div class=\"elementor-spacer\">\n\t\t\t<div class=\"elementor-spacer-inner\"><\/div>\n\t\t<\/div>\n\t\t\t\t\t\t<\/div>\n\t\t\t\t<\/div>\n\t\t\t\t<section class=\"elementor-section elementor-inner-section elementor-element elementor-element-2a6804a elementor-section-boxed elementor-section-height-default elementor-section-height-default\" data-id=\"2a6804a\" data-element_type=\"section\" data-e-type=\"section\">\n\t\t\t\t\t\t<div class=\"elementor-container elementor-column-gap-default\">\n\t\t\t\t\t<div class=\"elementor-column elementor-col-50 elementor-inner-column elementor-element elementor-element-a0d0c2c\" data-id=\"a0d0c2c\" data-element_type=\"column\" data-e-type=\"column\">\n\t\t\t<div class=\"elementor-widget-wrap elementor-element-populated\">\n\t\t\t\t\t\t<div class=\"elementor-element elementor-element-bce2544 elementor-view-default elementor-widget elementor-widget-icon\" data-id=\"bce2544\" data-element_type=\"widget\" data-e-type=\"widget\" data-widget_type=\"icon.default\">\n\t\t\t\t<div class=\"elementor-widget-container\">\n\t\t\t\t\t\t\t<div class=\"elementor-icon-wrapper\">\n\t\t\t<a class=\"elementor-icon\" href=\"https:\/\/blazcegnar.com\/\">\n\t\t\t<i aria-hidden=\"true\" class=\"fas fa-arrow-left\"><\/i>\t\t\t<\/a>\n\t\t<\/div>\n\t\t\t\t\t\t<\/div>\n\t\t\t\t<\/div>\n\t\t\t\t\t<\/div>\n\t\t<\/div>\n\t\t\t\t<div class=\"elementor-column elementor-col-50 elementor-inner-column elementor-element elementor-element-0acb5d0\" data-id=\"0acb5d0\" data-element_type=\"column\" data-e-type=\"column\">\n\t\t\t<div class=\"elementor-widget-wrap elementor-element-populated\">\n\t\t\t\t\t\t<div class=\"elementor-element elementor-element-3b202e7 elementor-widget elementor-widget-heading\" data-id=\"3b202e7\" data-element_type=\"widget\" data-e-type=\"widget\" data-widget_type=\"heading.default\">\n\t\t\t\t<div class=\"elementor-widget-container\">\n\t\t\t\t\t<h2 class=\"elementor-heading-title elementor-size-default\"><a href=\"https:\/\/blazcegnar.com\/\">Nazaj na glavno stran<\/a><\/h2>\t\t\t\t<\/div>\n\t\t\t\t<\/div>\n\t\t\t\t\t<\/div>\n\t\t<\/div>\n\t\t\t\t\t<\/div>\n\t\t<\/section>\n\t\t\t\t\t<\/div>\n\t\t<\/div>\n\t\t\t\t\t<\/div>\n\t\t<\/section>\n\t\t\t\t<section class=\"elementor-section elementor-top-section elementor-element elementor-element-011d3b3 elementor-section-boxed elementor-section-height-default elementor-section-height-default\" data-id=\"011d3b3\" data-element_type=\"section\" data-e-type=\"section\">\n\t\t\t\t\t\t<div class=\"elementor-container elementor-column-gap-default\">\n\t\t\t\t\t<div class=\"elementor-column elementor-col-100 elementor-top-column elementor-element elementor-element-9067ed1\" data-id=\"9067ed1\" data-element_type=\"column\" data-e-type=\"column\">\n\t\t\t<div class=\"elementor-widget-wrap elementor-element-populated\">\n\t\t\t\t\t\t<div class=\"elementor-element elementor-element-bb0f645 elementor-widget elementor-widget-heading\" data-id=\"bb0f645\" data-element_type=\"widget\" data-e-type=\"widget\" data-widget_type=\"heading.default\">\n\t\t\t\t<div class=\"elementor-widget-container\">\n\t\t\t\t\t<span class=\"elementor-heading-title elementor-size-medium\">Vse pravice pridr\u017eane: Bla\u017e: Cegnar. Copy-right\/Copy-claim.<\/span>\t\t\t\t<\/div>\n\t\t\t\t<\/div>\n\t\t\t\t\t<\/div>\n\t\t<\/div>\n\t\t\t\t\t<\/div>\n\t\t<\/section>\n\t\t\t\t<\/div>\n\t\t","protected":false},"excerpt":{"rendered":"<p>Knjiga Mo\u010d samoodpu\u0161\u010danja: Izhod skozi matrico uma Cena: 34,90 \u20ac Brezpla\u010dna dostava! Tehni\u010dni podatki: Druga, posodobljena izdaja v samozalo\u017ebi, sve\u010dan &#8211; februar 2020, v trdi vezavi 165 strani formata A5, vsebuje 30 poglavij s \u0161estimi barvnimi slikami oz. diagrami. Vrednost: 1 gram 24-karatnega zlata ali 34,90 EUR.\u00a0ISBN 978-961-290-615-3, CIP 059.923.2, COBISS.SI-ID 302643200. OPIS: Ta vodnik [&hellip;]<\/p>\n","protected":false},"author":1,"featured_media":0,"parent":0,"menu_order":0,"comment_status":"closed","ping_status":"closed","template":"elementor_canvas","meta":{"footnotes":""},"class_list":["post-645","page","type-page","status-publish","hentry"],"_links":{"self":[{"href":"https:\/\/blazcegnar.com\/home\/wp-json\/wp\/v2\/pages\/645","targetHints":{"allow":["GET"]}}],"collection":[{"href":"https:\/\/blazcegnar.com\/home\/wp-json\/wp\/v2\/pages"}],"about":[{"href":"https:\/\/blazcegnar.com\/home\/wp-json\/wp\/v2\/types\/page"}],"author":[{"embeddable":true,"href":"https:\/\/blazcegnar.com\/home\/wp-json\/wp\/v2\/users\/1"}],"replies":[{"embeddable":true,"href":"https:\/\/blazcegnar.com\/home\/wp-json\/wp\/v2\/comments?post=645"}],"version-history":[{"count":106,"href":"https:\/\/blazcegnar.com\/home\/wp-json\/wp\/v2\/pages\/645\/revisions"}],"predecessor-version":[{"id":1186,"href":"https:\/\/blazcegnar.com\/home\/wp-json\/wp\/v2\/pages\/645\/revisions\/1186"}],"wp:attachment":[{"href":"https:\/\/blazcegnar.com\/home\/wp-json\/wp\/v2\/media?parent=645"}],"curies":[{"name":"wp","href":"https:\/\/api.w.org\/{rel}","templated":true}]}}